{"id":32,"date":"2016-10-18T22:26:02","date_gmt":"2016-10-18T19:26:02","guid":{"rendered":"http:\/\/plastifay.com\/?page_id=32"},"modified":"2021-12-29T15:22:12","modified_gmt":"2021-12-29T12:22:12","slug":"iletisim","status":"publish","type":"page","link":"https:\/\/talutrade.com\/en\/iletisim\/","title":{"rendered":"Contact"},"content":{"rendered":"<p>[vc_row][vc_column width=&#8221;2\/3&#8243;][vc_gmaps link=&#8221;#E-8_JTNDaWZyYW1lJTIwc3JjJTNEJTIyaHR0cHMlM0ElMkYlMkZ3d3cuZ29vZ2xlLmNvbSUyRm1hcHMlMkZlbWJlZCUzRnBiJTNEJTIxMW0xOCUyMTFtMTIlMjExbTMlMjExZDMwMDEuNTk4MzA5Nzg1MzYxNCUyMTJkMjcuODc0NzIyMDE1MDM4ODUyJTIxM2Q0MS4yMDg3MzAzMTUwMTUwNCUyMTJtMyUyMTFmMCUyMTJmMCUyMTNmMCUyMTNtMiUyMTFpMTAyNCUyMTJpNzY4JTIxNGYxMy4xJTIxM20zJTIxMW0yJTIxMXMweDE0YjRkZTUzNWI2NjNhYTclMjUzQTB4ZjY1NjM4OTVkMzJiOGJhOCUyMTJ6Vm1Wc2FXMWx4WjlsTENBMU9UZzRNQ0REaDI5eWJIVXZWR1ZyYVhKa1ljU2ZMQ0JVZFhKclpYayUyMTVlMCUyMTNtMiUyMTFzZW4lMjEyc3VzJTIxNHYxNjQwNzgwNDg4ODU2JTIxNW0yJTIxMXNlbiUyMTJzdXMlMjIlMjB3aWR0aCUzRCUyMjYwMCUyMiUyMGhlaWdodCUzRCUyMjQ1MCUyMiUyMHN0eWxlJTNEJTIyYm9yZGVyJTNBMCUzQiUyMiUyMGFsbG93ZnVsbHNjcmVlbiUzRCUyMiUyMiUyMGxvYWRpbmclM0QlMjJsYXp5JTIyJTNFJTNDJTJGaWZyYW1lJTNF&#8221; size=&#8221;250&#8243;][vc_column_text css=&#8221;.vc_custom_1510863667733{padding-right: 5px !important;padding-left: 5px !important;}&#8221;]A\u015fa\u011f\u0131daki form arac\u0131l\u0131\u011f\u0131 ile bize mesaj\u0131n\u0131z\u0131 iletebilirsiniz. En k\u0131sa s\u00fcrede cevaplanacakt\u0131r.<br \/>\nTe\u015fekk\u00fcrler.[\/vc_column_text]<div role=\"form\" class=\"wpcf7\" id=\"wpcf7-f564-o2\" lang=\"tr-TR\" dir=\"ltr\">\n<div class=\"screen-reader-response\"><p role=\"status\" aria-live=\"polite\" aria-atomic=\"true\"><\/p> <ul><\/ul><\/div>\n<form action=\"\/en\/wp-json\/wp\/v2\/pages\/32#wpcf7-f564-o2\" method=\"post\" class=\"wpcf7-form init\" novalidate=\"novalidate\" data-status=\"init\">\n<div style=\"display: none;\">\n<input type=\"hidden\" name=\"_wpcf7\" value=\"564\" \/>\n<input type=\"hidden\" name=\"_wpcf7_version\" value=\"5.3\" \/>\n<input type=\"hidden\" name=\"_wpcf7_locale\" value=\"tr_TR\" \/>\n<input type=\"hidden\" name=\"_wpcf7_unit_tag\" value=\"wpcf7-f564-o2\" \/>\n<input type=\"hidden\" name=\"_wpcf7_container_post\" value=\"0\" \/>\n<input type=\"hidden\" name=\"_wpcf7_posted_data_hash\" value=\"\" \/>\n<\/div>\n<p><label> Your Name (required)<br \/>\n    <span class=\"wpcf7-form-control-wrap your-name\"><input type=\"text\" name=\"your-name\" value=\"\" size=\"40\" class=\"wpcf7-form-control wpcf7-text wpcf7-validates-as-required\" aria-required=\"true\" aria-invalid=\"false\" \/><\/span> <\/label><\/p>\n<p><label> Your Email (required)<br \/>\n    <span class=\"wpcf7-form-control-wrap your-email\"><input type=\"email\" name=\"your-email\" value=\"\" size=\"40\" class=\"wpcf7-form-control wpcf7-text wpcf7-email wpcf7-validates-as-required wpcf7-validates-as-email\" aria-required=\"true\" aria-invalid=\"false\" \/><\/span> <\/label><\/p>\n<p><label> Subject<br \/>\n    <span class=\"wpcf7-form-control-wrap your-subject\"><input type=\"text\" name=\"your-subject\" value=\"\" size=\"40\" class=\"wpcf7-form-control wpcf7-text\" aria-invalid=\"false\" \/><\/span> <\/label><\/p>\n<p><label> Your Message<br \/>\n    <span class=\"wpcf7-form-control-wrap your-message\"><textarea name=\"your-message\" cols=\"40\" rows=\"10\" class=\"wpcf7-form-control wpcf7-textarea\" aria-invalid=\"false\"><\/textarea><\/span> <\/label><\/p>\n<p><input type=\"submit\" value=\"Send\" class=\"wpcf7-form-control wpcf7-submit\" \/><\/p>\n<div class=\"wpcf7-response-output\" aria-hidden=\"true\"><\/div><\/form><\/div>[\/vc_column][vc_column width=&#8221;1\/3&#8243;][vc_cta h2=&#8221;&#8221; h4=&#8221;Talu Trade Group Headquarters&#8221; h4_font_container=&#8221;font_size:18&#8243; h4_use_theme_fonts=&#8221;yes&#8221; use_custom_fonts_h4=&#8221;true&#8221;]<\/p>\n<div class=\"wpb_text_column wpb_content_element \">\n<div class=\"wpb_wrapper\">\n<p>Velime\u015fe Organize Sanayi B\u00f6lgesi Mahallesi 227. Sokak 3\/1 59930 Ergene Tekirda\u011f, Turkey<br \/>\nT: +90 (282) 674 33 24<br \/>\nE:\u00a0info@talutrade.com<\/p>\n<\/div>\n<\/div>\n<p>[\/vc_cta][vc_cta h2=&#8221;&#8221; h4=&#8221;T&amp;T Dan\u0131\u015fmanl\u0131k Ins. Tur. Ic Ve Dis Tic. A.S.&#8221; h4_font_container=&#8221;font_size:18&#8243; h4_use_theme_fonts=&#8221;yes&#8221; use_custom_fonts_h4=&#8221;true&#8221;]<\/p>\n<div class=\"wpb_text_column wpb_content_element \">\n<div class=\"wpb_wrapper\">\n<p>Velime\u015fe Organize Sanayi B\u00f6lgesi Mahallesi 227. Sokak 3\/1 59930 Ergene Tekirda\u011f, Turkey<br \/>\nT: +90 (282) 674 33 24<br \/>\nE:\u00a0info@talutrade.com<\/p>\n<\/div>\n<\/div>\n<p>[\/vc_cta][vc_cta h2=&#8221;&#8221; h4=&#8221;TT End\u00fcstriyel Ambalaj Makine San. Ve Tic. A.S.&#8221; h4_font_container=&#8221;font_size:18&#8243; h4_use_theme_fonts=&#8221;yes&#8221; use_custom_fonts_h4=&#8221;true&#8221;]<\/p>\n<div class=\"wpb_text_column wpb_content_element \">\n<div class=\"wpb_wrapper\">\n<p>Velime\u015fe Organize Sanayi B\u00f6lgesi Mahallesi 227. Sokak 3\/1 59930 Ergene Tekirda\u011f, Turkey<br \/>\nT: +90 (282) 674 33 24<br \/>\nE: info@co-strap.com<br \/>\nE: sales@co-strap.com<br \/>\nE: satis@co-strap.com<\/p>\n<\/div>\n<\/div>\n<p>[\/vc_cta][vc_cta h2=&#8221;&#8221; h4=&#8221;CO-STRAP Factory&#8221; h4_font_container=&#8221;font_size:18&#8243; h4_use_theme_fonts=&#8221;yes&#8221; use_custom_fonts_h4=&#8221;true&#8221;]<\/p>\n<div class=\"wpb_text_column wpb_content_element \">\n<div class=\"wpb_wrapper\">\n<div class=\"wpb_text_column wpb_content_element \">\n<div class=\"wpb_wrapper\">\n<div class=\"wpb_text_column wpb_content_element \">\n<div class=\"wpb_wrapper\">\n<p>Velime\u015fe Organize Sanayi B\u00f6lgesi Mahallesi 227.Sokak 3\/1 Ergene Tekirda\u011f, Turkey<br \/>\nT: +90 (212) 347 99 45<br \/>\nE:\u00a0info@co-strap.com<br \/>\nE: sales@co-strap.com<br \/>\nE: satis@co-strap.com<\/p>\n<\/div>\n<\/div>\n<\/div>\n<\/div>\n<\/div>\n<\/div>\n<p>[\/vc_cta][vc_cta h2=&#8221;&#8221; h4=&#8221;CO-STRAP Verpackungsl\u00f6sungen GmbH&#8221; h4_font_container=&#8221;font_size:18&#8243; h4_use_theme_fonts=&#8221;yes&#8221; use_custom_fonts_h4=&#8221;true&#8221;]<\/p>\n<div class=\"wpb_text_column wpb_content_element \">\n<div class=\"wpb_wrapper\">\n<div class=\"wpb_text_column wpb_content_element \">\n<div class=\"wpb_wrapper\">\n<div class=\"wpb_text_column wpb_content_element \">\n<div class=\"wpb_wrapper\">\n<p>Bahnhofsta\u00dfe 15, 91541 Rothenburg ob der Tauber, Germany<br \/>\n<strong>Warehouse:<\/strong> Marie-Curie Str. 5 63526 Erlensee, Germany<br \/>\nT: +49 (0) 9861 6816029<br \/>\nM: +49 173 944 27 95<br \/>\nE: verkauf@co-strap.com<br \/>\nE: sales@co-strap.com<\/p>\n<\/div>\n<\/div>\n<\/div>\n<\/div>\n<\/div>\n<\/div>\n<p>[\/vc_cta][vc_cta h2=&#8221;&#8221; h4=&#8221;TALUDANIEL INC.&#8221;]<\/p>\n<div class=\"wpb_text_column wpb_content_element \">\n<div class=\"wpb_wrapper\">\n<div class=\"wpb_text_column wpb_content_element \">\n<div class=\"wpb_wrapper\">\n<div class=\"wpb_text_column wpb_content_element \">\n<div class=\"wpb_wrapper\">\n<div class=\"wpb_text_column wpb_content_element \">\n<div class=\"wpb_wrapper\">\n<p>312 South Candler Street Decatur, GA 30030-3744, USA<br \/>\nT:<span class=\"apple-converted-space\">\u00a0+1 (404) 373 0460\u00a0\u00a0<\/span><br \/>\nF:<span class=\"apple-converted-space\">\u00a0<\/span>+1 (404) 373 1433\u00a0<span class=\"apple-converted-space\">\u00a0<\/span><br \/>\nM:<span class=\"apple-converted-space\">\u00a0+1 (678) 595 87 06<\/span><\/p>\n<\/div>\n<\/div>\n<\/div>\n<\/div>\n<\/div>\n<\/div>\n<\/div>\n<\/div>\n<p>[\/vc_cta][vc_cta h2=&#8221;&#8221; h4=&#8221;G\u00fclc\u00fco\u011flu G\u00fcm\u00fc\u015fl\u00fc Ltd. \u015eti.&#8221; h4_font_container=&#8221;font_size:18&#8243; h4_use_theme_fonts=&#8221;yes&#8221; use_custom_fonts_h4=&#8221;true&#8221;]<\/p>\n<div class=\"wpb_text_column wpb_content_element \">\n<div class=\"wpb_wrapper\">\n<div class=\"wpb_text_column wpb_content_element \">\n<div class=\"wpb_wrapper\">\n<div class=\"wpb_text_column wpb_content_element \">\n<div class=\"wpb_wrapper\">\n<div class=\"wpb_text_column wpb_content_element \">\n<div class=\"wpb_wrapper\">\n<div class=\"wpb_text_column wpb_content_element \">\n<div class=\"wpb_wrapper\">\n<p>G\u00fclc\u00fco\u011flu \u0130\u015f Han\u0131, Akyol Cad. No:1 35900 Tire \u0130zmir, Turkey<br \/>\nT: +90 (232) 513 8084<br \/>\nF: +90 (232) 512 8071<\/p>\n<\/div>\n<\/div>\n<\/div>\n<\/div>\n<\/div>\n<\/div>\n<\/div>\n<\/div>\n<\/div>\n<\/div>\n<p>[\/vc_cta][vc_cta h2=&#8221;&#8221; h4=&#8221;G\u00fclc\u00fco\u011fu G\u00fcm\u00fc\u015fl\u00fc \u00c7iftli\u011fi&#8221; h4_font_container=&#8221;font_size:18&#8243; h4_use_theme_fonts=&#8221;yes&#8221; use_custom_fonts_h4=&#8221;true&#8221;]<\/p>\n<div class=\"wpb_text_column wpb_content_element \">\n<div class=\"wpb_wrapper\">\n<div class=\"wpb_text_column wpb_content_element \">\n<div class=\"wpb_wrapper\">\n<div class=\"wpb_text_column wpb_content_element \">\n<div class=\"wpb_wrapper\">\n<div class=\"wpb_text_column wpb_content_element \">\n<div class=\"wpb_wrapper\">\n<div class=\"wpb_text_column wpb_content_element \">\n<div class=\"wpb_wrapper\">\n<div class=\"wpb_text_column wpb_content_element \">\n<div class=\"wpb_wrapper\">\n<p>Doyranl\u0131alt\u0131 Mevkii \u2013 Tire \u0130zmir, Turkey<br \/>\nM:\u00a0+90 (541) 233 85 77<\/p>\n<\/div>\n<\/div>\n<\/div>\n<\/div>\n<\/div>\n<\/div>\n<\/div>\n<\/div>\n<\/div>\n<\/div>\n<\/div>\n<\/div>\n<p>[\/vc_cta][\/vc_column][\/vc_row][vc_row][vc_column][vc_separator][\/vc_column][\/vc_row]<\/p>","protected":false},"excerpt":{"rendered":"<p>[vc_row][vc_column width=&#8221;2\/3&#8243;][vc_gmaps link=&#8221;#E-8_JTNDaWZyYW1lJTIwc3JjJTNEJTIyaHR0cHMlM0ElMkYlMkZ3d3cuZ29vZ2xlLmNvbSUyRm1hcHMlMkZlbWJlZCUzRnBiJTNEJTIxMW0xOCUyMTFtMTIlMjExbTMlMjExZDMwMDEuNTk4MzA5Nzg1MzYxNCUyMTJkMjcuODc0NzIyMDE1MDM4ODUyJTIxM2Q0MS4yMDg3MzAzMTUwMTUwNCUyMTJtMyUyMTFmMCUyMTJmMCUyMTNmMCUyMTNtMiUyMTFpMTAyNCUyMTJpNzY4JTIxNGYxMy4xJTIxM20zJTIxMW0yJTIxMXMweDE0YjRkZTUzNWI2NjNhYTclMjUzQTB4ZjY1NjM4OTVkMzJiOGJhOCUyMTJ6Vm1Wc2FXMWx4WjlsTENBMU9UZzRNQ0REaDI5eWJIVXZWR1ZyYVhKa1ljU2ZMQ0JVZFhKclpYayUyMTVlMCUyMTNtMiUyMTFzZW4lMjEyc3VzJTIxNHYxNjQwNzgwNDg4ODU2JTIxNW0yJTIxMXNlbiUyMTJzdXMlMjIlMjB3aWR0aCUzRCUyMjYwMCUyMiUyMGhlaWdodCUzRCUyMjQ1MCUyMiUyMHN0eWxlJTNEJTIyYm9yZGVyJTNBMCUzQiUyMiUyMGFsbG93ZnVsbHNjcmVlbiUzRCUyMiUyMiUyMGxvYWRpbmclM0QlMjJsYXp5JTIyJTNFJTNDJTJGaWZyYW1lJTNF&#8221; size=&#8221;250&#8243;][vc_column_text css=&#8221;.vc_custom_1510863667733{padding-right: 5px !important;padding-left: 5px !important;}&#8221;]A\u015fa\u011f\u0131daki form arac\u0131l\u0131\u011f\u0131 ile bize mesaj\u0131n\u0131z\u0131 iletebilirsiniz. En k\u0131sa s\u00fcrede cevaplanacakt\u0131r. Te\u015fekk\u00fcrler.[\/vc_column_text][\/vc_column][vc_column width=&#8221;1\/3&#8243;][vc_cta h2=&#8221;&#8221; h4=&#8221;Talu Trade Group Headquarters&#8221; h4_font_container=&#8221;font_size:18&#8243; h4_use_theme_fonts=&#8221;yes&#8221; use_custom_fonts_h4=&#8221;true&#8221;] Velime\u015fe Organize Sanayi B\u00f6lgesi Mahallesi 227. Sokak 3\/1 59930 Ergene Tekirda\u011f, Turkey T: +90 (282) 674 33 24 E:\u00a0info@talutrade.com [\/vc_cta][vc_cta h2=&#8221;&#8221; h4=&#8221;T&amp;T Dan\u0131\u015fmanl\u0131k Ins. Tur. Ic&hellip;<\/p>\n","protected":false},"author":2,"featured_media":0,"parent":0,"menu_order":0,"comment_status":"closed","ping_status":"closed","template":"","meta":[],"_links":{"self":[{"href":"https:\/\/talutrade.com\/en\/wp-json\/wp\/v2\/pages\/32"}],"collection":[{"href":"https:\/\/talutrade.com\/en\/wp-json\/wp\/v2\/pages"}],"about":[{"href":"https:\/\/talutrade.com\/en\/wp-json\/wp\/v2\/types\/page"}],"author":[{"embeddable":true,"href":"https:\/\/talutrade.com\/en\/wp-json\/wp\/v2\/users\/2"}],"replies":[{"embeddable":true,"href":"https:\/\/talutrade.com\/en\/wp-json\/wp\/v2\/comments?post=32"}],"version-history":[{"count":54,"href":"https:\/\/talutrade.com\/en\/wp-json\/wp\/v2\/pages\/32\/revisions"}],"predecessor-version":[{"id":15638,"href":"https:\/\/talutrade.com\/en\/wp-json\/wp\/v2\/pages\/32\/revisions\/15638"}],"wp:attachment":[{"href":"https:\/\/talutrade.com\/en\/wp-json\/wp\/v2\/media?parent=32"}],"curies":[{"name":"wp","href":"https:\/\/api.w.org\/{rel}","templated":true}]}}