{"id":14945,"date":"2017-11-05T21:31:05","date_gmt":"2017-11-05T18:31:05","guid":{"rendered":"http:\/\/mckkimya.com\/?page_id=14945"},"modified":"2017-12-28T01:20:40","modified_gmt":"2017-12-27T22:20:40","slug":"sosyal-sorumluluk","status":"publish","type":"page","link":"https:\/\/talutrade.com\/en\/sosyal-sorumluluk\/","title":{"rendered":"Social Responsibility"},"content":{"rendered":"<p>[vc_row][vc_column][vc_cta h2=&#8221;&#8221;]By supporting social responsibility projects and environment awareness The TaluTrade Group aims to promote the socio-economic development of the regions where it is based.<\/p>\n<p><strong>G\u00fclc\u00fco\u011flu Mansions<\/strong> Restoration Project: The <strong>XVIII century<\/strong> Historic Landmark Mansions have been donated to the City of Tire by <strong>G\u00fclc\u00fco\u011flu family<\/strong>. They have been restored and converted into boutique hotels in order to preserve their historical heritage but also to allow Tire, for the first time, the possibility to offer a valuable and unique alternative to host its visitors which would blend wonderfully with the historic nature of this ancient city.<\/p>\n<p>Another building belonging to G\u00fclc\u00fco\u011flu family, <strong>Kutu Han<\/strong>, is the most important historic structure in Tire. The &#8220;arasta&#8221; or covered market in the eastern wall is a fine example of careful architectural planning dating all the way back to 15th century. The TaluTrade Group is actively pursuing converting the Kutu Han into a non-profit touristic attraction that will serve as a new landmark for the region.<\/p>\n<p>In addition, The TaluTrade Group supports non-profit educational and environmental organizations such as <strong>E\u00c7EV, TEV, TEMA<\/strong>.[\/vc_cta][vc_media_grid grid_id=&#8221;vc_gid:1514412564361-318dbe02-8324-3&#8243; include=&#8221;14948,14947,14949&#8243;][\/vc_column][\/vc_row][vc_row][vc_column width=&#8221;1\/3&#8243;][vc_empty_space][vc_column_text]<img loading=\"lazy\" class=\"wp-image-14951 aligncenter\" src=\"http:\/\/mckkimya.com\/wp-content\/uploads\/2017\/11\/temalogo.png\" alt=\"\" width=\"200\" height=\"150\" srcset=\"https:\/\/talutrade.com\/wp-content\/uploads\/2017\/11\/temalogo.png 800w, https:\/\/talutrade.com\/wp-content\/uploads\/2017\/11\/temalogo-300x225.png 300w, https:\/\/talutrade.com\/wp-content\/uploads\/2017\/11\/temalogo-768x576.png 768w\" sizes=\"(max-width: 200px) 100vw, 200px\" \/>[\/vc_column_text][vc_empty_space][\/vc_column][vc_column width=&#8221;1\/3&#8243;][vc_empty_space][vc_column_text]<img loading=\"lazy\" class=\"wp-image-14952 aligncenter\" src=\"http:\/\/mckkimya.com\/wp-content\/uploads\/2017\/11\/ecevlogo-150x150.png\" alt=\"\" width=\"200\" height=\"150\" srcset=\"https:\/\/talutrade.com\/wp-content\/uploads\/2017\/11\/ecevlogo-300x225.png 300w, https:\/\/talutrade.com\/wp-content\/uploads\/2017\/11\/ecevlogo-768x576.png 768w, https:\/\/talutrade.com\/wp-content\/uploads\/2017\/11\/ecevlogo.png 800w\" sizes=\"(max-width: 200px) 100vw, 200px\" \/>[\/vc_column_text][vc_empty_space][\/vc_column][vc_column width=&#8221;1\/3&#8243;][vc_empty_space][vc_column_text]<img loading=\"lazy\" class=\"wp-image-14953 aligncenter\" src=\"http:\/\/mckkimya.com\/wp-content\/uploads\/2017\/11\/tevlogo-150x150.png\" alt=\"\" width=\"200\" height=\"150\" srcset=\"https:\/\/talutrade.com\/wp-content\/uploads\/2017\/11\/tevlogo-300x225.png 300w, https:\/\/talutrade.com\/wp-content\/uploads\/2017\/11\/tevlogo-768x576.png 768w, https:\/\/talutrade.com\/wp-content\/uploads\/2017\/11\/tevlogo.png 800w\" sizes=\"(max-width: 200px) 100vw, 200px\" \/>[\/vc_column_text][vc_empty_space][\/vc_column][\/vc_row][vc_row][vc_column][\/vc_column][\/vc_row]<\/p>","protected":false},"excerpt":{"rendered":"<p>[vc_row][vc_column][vc_cta h2=&#8221;&#8221;]By supporting social responsibility projects and environment awareness The TaluTrade Group aims to promote the socio-economic development of the regions where it is based. G\u00fclc\u00fco\u011flu Mansions Restoration Project: The XVIII century Historic Landmark Mansions have been donated to the City of Tire by G\u00fclc\u00fco\u011flu family. They have been restored and converted into boutique hotels&hellip;<\/p>\n","protected":false},"author":2,"featured_media":0,"parent":0,"menu_order":0,"comment_status":"closed","ping_status":"closed","template":"","meta":[],"_links":{"self":[{"href":"https:\/\/talutrade.com\/en\/wp-json\/wp\/v2\/pages\/14945"}],"collection":[{"href":"https:\/\/talutrade.com\/en\/wp-json\/wp\/v2\/pages"}],"about":[{"href":"https:\/\/talutrade.com\/en\/wp-json\/wp\/v2\/types\/page"}],"author":[{"embeddable":true,"href":"https:\/\/talutrade.com\/en\/wp-json\/wp\/v2\/users\/2"}],"replies":[{"embeddable":true,"href":"https:\/\/talutrade.com\/en\/wp-json\/wp\/v2\/comments?post=14945"}],"version-history":[{"count":10,"href":"https:\/\/talutrade.com\/en\/wp-json\/wp\/v2\/pages\/14945\/revisions"}],"predecessor-version":[{"id":15548,"href":"https:\/\/talutrade.com\/en\/wp-json\/wp\/v2\/pages\/14945\/revisions\/15548"}],"wp:attachment":[{"href":"https:\/\/talutrade.com\/en\/wp-json\/wp\/v2\/media?parent=14945"}],"curies":[{"name":"wp","href":"https:\/\/api.w.org\/{rel}","templated":true}]}}