{"id":14624,"date":"2017-10-09T21:07:54","date_gmt":"2017-10-09T18:07:54","guid":{"rendered":"http:\/\/mckkimya.com\/?page_id=14624"},"modified":"2017-12-18T00:33:13","modified_gmt":"2017-12-17T21:33:13","slug":"peyzaj-ve-sus-bitkileri-urun-grubu","status":"publish","type":"page","link":"https:\/\/talutrade.com\/en\/gida-tarim\/sektor-urunleri\/peyzaj-ve-sus-bitkileri-urun-grubu\/","title":{"rendered":"Landscape Group"},"content":{"rendered":"<p>[vc_row][vc_column][vc_cta h2=&#8221;&#8221;]Arazilerimizde, \u00c7imser A.\u015e. Haz\u0131r Rulo \u00c7im \u00fcretmektedir.[\/vc_cta][vc_media_grid grid_id=&#8221;vc_gid:1511811550722-5403a153-d7fe-4&#8243; include=&#8221;15496,15497,15498&#8243;][\/vc_column][\/vc_row]<\/p>","protected":false},"excerpt":{"rendered":"<p>[vc_row][vc_column][vc_cta h2=&#8221;&#8221;]Arazilerimizde, \u00c7imser A.\u015e. Haz\u0131r Rulo \u00c7im \u00fcretmektedir.[\/vc_cta][vc_media_grid grid_id=&#8221;vc_gid:1511811550722-5403a153-d7fe-4&#8243; include=&#8221;15496,15497,15498&#8243;][\/vc_column][\/vc_row]<\/p>\n","protected":false},"author":2,"featured_media":0,"parent":14608,"menu_order":0,"comment_status":"closed","ping_status":"closed","template":"","meta":[],"_links":{"self":[{"href":"https:\/\/talutrade.com\/en\/wp-json\/wp\/v2\/pages\/14624"}],"collection":[{"href":"https:\/\/talutrade.com\/en\/wp-json\/wp\/v2\/pages"}],"about":[{"href":"https:\/\/talutrade.com\/en\/wp-json\/wp\/v2\/types\/page"}],"author":[{"embeddable":true,"href":"https:\/\/talutrade.com\/en\/wp-json\/wp\/v2\/users\/2"}],"replies":[{"embeddable":true,"href":"https:\/\/talutrade.com\/en\/wp-json\/wp\/v2\/comments?post=14624"}],"version-history":[{"count":7,"href":"https:\/\/talutrade.com\/en\/wp-json\/wp\/v2\/pages\/14624\/revisions"}],"predecessor-version":[{"id":15532,"href":"https:\/\/talutrade.com\/en\/wp-json\/wp\/v2\/pages\/14624\/revisions\/15532"}],"up":[{"embeddable":true,"href":"https:\/\/talutrade.com\/en\/wp-json\/wp\/v2\/pages\/14608"}],"wp:attachment":[{"href":"https:\/\/talutrade.com\/en\/wp-json\/wp\/v2\/media?parent=14624"}],"curies":[{"name":"wp","href":"https:\/\/api.w.org\/{rel}","templated":true}]}}